{"id":8,"date":"2008-04-15T19:39:49","date_gmt":"2008-04-15T19:39:49","guid":{"rendered":"https:\/\/www.timk.de\/it-blog\/impressum\/"},"modified":"2018-11-10T17:22:35","modified_gmt":"2018-11-10T16:22:35","slug":"impressum","status":"publish","type":"page","link":"https:\/\/www.timk.de\/it-blog\/impressum\/","title":{"rendered":"Impressum"},"content":{"rendered":"<h2>Angaben gem\u00e4\u00df \u00a7 5 TMG<\/h2>\n<p>Tim Kretschmann<br \/>\nAuf der Insel 24<br \/>\n50259 Pulheim-Brauweiler<br \/>\nDeutschland<\/p>\n<p>E-Mail: tim [Punkt\/Dot] kretschmann [at] timk [Punkt\/Dot] de<br \/>\nTelefon: 02234\/4301519<br \/>\nInternet: <a href=\"https:\/\/www.timk.de\/\">www.timk.de<\/a><\/p>\n<h2>Verantwortlich f\u00fcr den Inhalt nach \u00a7 55 Abs. 2 RStV<\/h2>\n<p>F\u00fcr den Inhalt ist die zuvor genannte Person verantwortlich.<\/p>\n<h2>Haftungshinweis<\/h2>\n<p>Trotz sorgf\u00e4ltiger inhaltlichder Kontrolle \u00fcbernehme ich keine Haftung f\u00fcr die Inhalte externer Links. F\u00fcr den Inhalt der verlinkten Seiten sind ausschlie\u00dflich deren Betreiber verantwortlich.<\/p>\n<h2>Datenschutz<\/h2>\n<p><a href=\"https:\/\/www.timk.de\/it-blog\/datenschutz\/\">https:\/\/www.timk.de\/it-blog\/datenschutz\/<\/a><\/p>\n","protected":false},"excerpt":{"rendered":"<p>Angaben gem\u00e4\u00df \u00a7 5 TMG Tim Kretschmann Auf der Insel 24 50259 Pulheim-Brauweiler Deutschland E-Mail: tim [Punkt\/Dot] kretschmann [at] timk [Punkt\/Dot] de Telefon: 02234\/4301519 Internet: www.timk.de Verantwortlich f\u00fcr den Inhalt nach \u00a7 55 Abs. 2 RStV F\u00fcr den Inhalt ist die zuvor genannte Person verantwortlich. Haftungshinweis Trotz sorgf\u00e4ltiger inhaltlichder Kontrolle \u00fcbernehme ich keine Haftung f\u00fcr [&hellip;]<\/p>\n","protected":false},"author":2,"featured_media":0,"parent":0,"menu_order":100,"comment_status":"closed","ping_status":"closed","template":"","meta":{"footnotes":""},"class_list":["post-8","page","type-page","status-publish","hentry"],"_links":{"self":[{"href":"https:\/\/www.timk.de\/it-blog\/wp-json\/wp\/v2\/pages\/8","targetHints":{"allow":["GET"]}}],"collection":[{"href":"https:\/\/www.timk.de\/it-blog\/wp-json\/wp\/v2\/pages"}],"about":[{"href":"https:\/\/www.timk.de\/it-blog\/wp-json\/wp\/v2\/types\/page"}],"author":[{"embeddable":true,"href":"https:\/\/www.timk.de\/it-blog\/wp-json\/wp\/v2\/users\/2"}],"replies":[{"embeddable":true,"href":"https:\/\/www.timk.de\/it-blog\/wp-json\/wp\/v2\/comments?post=8"}],"version-history":[{"count":6,"href":"https:\/\/www.timk.de\/it-blog\/wp-json\/wp\/v2\/pages\/8\/revisions"}],"predecessor-version":[{"id":143,"href":"https:\/\/www.timk.de\/it-blog\/wp-json\/wp\/v2\/pages\/8\/revisions\/143"}],"wp:attachment":[{"href":"https:\/\/www.timk.de\/it-blog\/wp-json\/wp\/v2\/media?parent=8"}],"curies":[{"name":"wp","href":"https:\/\/api.w.org\/{rel}","templated":true}]}}